{"id":13804,"date":"2025-05-25T12:19:02","date_gmt":"2025-05-25T12:19:02","guid":{"rendered":"https:\/\/eurosconto.com\/?post_type=product&#038;p=13804"},"modified":"2025-11-18T14:02:31","modified_gmt":"2025-11-18T12:02:31","slug":"dovanu-krepselis-svelnumas","status":"publish","type":"product","link":"https:\/\/eurosconto.com\/en\/product\/dovanu-krepselis-svelnumas\/","title":{"rendered":"Dovan\u0173 krep\u0161elis &#8220;\u0160velnumas&#8221;"},"content":{"rendered":"","protected":false},"excerpt":{"rendered":"<p>Dovan\u0173 krep\u0161elio sud\u0117tis:<\/p>\n<ul>\n<li>Kiau\u0161inis TEDDY su \u017eaislais ir saldumynais x 1 vnt. ;<\/li>\n<li>Guminukai SOUR BELT ROLL x 1 vnt.;<\/li>\n<li>Saldainis BIG BURGER x 1 vnt.;<\/li>\n<li>Saldainis BRA\u0160K\u0116 x 1 vnt.;<\/li>\n<li>Kramtomoji gumas LOVE IS su \u017einute x 2 vnt.;<\/li>\n<li>Guminukai MANGO JAM su \u017eele x 1 vnt.;<\/li>\n<li>Geriamieji saldainiai BIG JELLY GRANADE x 1 vnt.;<\/li>\n<li>Krep\u0161elis S 26\u00d712xH112;<\/li>\n<li>Pakavimo priemon\u0117s.<\/li>\n<\/ul>\n<p>Krep\u0161elio sud\u0117tis gali keistis priklausomai nuo turim\u0173 preki\u0173, nesikei\u010diant kainai.<\/p>\n","protected":false},"featured_media":13816,"template":"","meta":[],"product_brand":[],"product_cat":[171,170,172],"product_tag":[],"class_list":{"0":"post-13804","1":"product","2":"type-product","3":"status-publish","4":"has-post-thumbnail","6":"product_cat-candies","7":"product_cat-food_products","8":"product_cat-gift_baskets","10":"first","11":"outofstock","12":"taxable","13":"shipping-taxable","14":"purchasable","15":"product-type-simple"},"_links":{"self":[{"href":"https:\/\/eurosconto.com\/en\/wp-json\/wp\/v2\/product\/13804","targetHints":{"allow":["GET"]}}],"collection":[{"href":"https:\/\/eurosconto.com\/en\/wp-json\/wp\/v2\/product"}],"about":[{"href":"https:\/\/eurosconto.com\/en\/wp-json\/wp\/v2\/types\/product"}],"version-history":[{"count":1,"href":"https:\/\/eurosconto.com\/en\/wp-json\/wp\/v2\/product\/13804\/revisions"}],"predecessor-version":[{"id":13817,"href":"https:\/\/eurosconto.com\/en\/wp-json\/wp\/v2\/product\/13804\/revisions\/13817"}],"wp:featuredmedia":[{"embeddable":true,"href":"https:\/\/eurosconto.com\/en\/wp-json\/wp\/v2\/media\/13816"}],"wp:attachment":[{"href":"https:\/\/eurosconto.com\/en\/wp-json\/wp\/v2\/media?parent=13804"}],"wp:term":[{"taxonomy":"product_brand","embeddable":true,"href":"https:\/\/eurosconto.com\/en\/wp-json\/wp\/v2\/product_brand?post=13804"},{"taxonomy":"product_cat","embeddable":true,"href":"https:\/\/eurosconto.com\/en\/wp-json\/wp\/v2\/product_cat?post=13804"},{"taxonomy":"product_tag","embeddable":true,"href":"https:\/\/eurosconto.com\/en\/wp-json\/wp\/v2\/product_tag?post=13804"}],"curies":[{"name":"wp","href":"https:\/\/api.w.org\/{rel}","templated":true}]}}