{"id":13812,"date":"2025-05-25T12:19:04","date_gmt":"2025-05-25T12:19:04","guid":{"rendered":"https:\/\/eurosconto.com\/?post_type=product&#038;p=13812"},"modified":"2026-04-20T04:46:06","modified_gmt":"2026-04-20T01:46:06","slug":"dovanu-krepselis-stiprybes-formule","status":"publish","type":"product","link":"https:\/\/eurosconto.com\/en\/product\/dovanu-krepselis-stiprybes-formule\/","title":{"rendered":"Dovan\u0173 krep\u0161elis &quot;Stipryb\u0117s formul\u0117&quot;"},"content":{"rendered":"","protected":false},"excerpt":{"rendered":"","protected":false},"featured_media":13840,"template":"","meta":[],"product_brand":[],"product_cat":[171,170,172],"product_tag":[],"class_list":{"0":"post-13812","1":"product","2":"type-product","3":"status-publish","4":"has-post-thumbnail","6":"product_cat-candies","7":"product_cat-food_products","8":"product_cat-gift_baskets","10":"first","11":"instock","12":"taxable","13":"shipping-taxable","14":"purchasable","15":"product-type-simple"},"_links":{"self":[{"href":"https:\/\/eurosconto.com\/en\/wp-json\/wp\/v2\/product\/13812","targetHints":{"allow":["GET"]}}],"collection":[{"href":"https:\/\/eurosconto.com\/en\/wp-json\/wp\/v2\/product"}],"about":[{"href":"https:\/\/eurosconto.com\/en\/wp-json\/wp\/v2\/types\/product"}],"version-history":[{"count":2,"href":"https:\/\/eurosconto.com\/en\/wp-json\/wp\/v2\/product\/13812\/revisions"}],"predecessor-version":[{"id":15743,"href":"https:\/\/eurosconto.com\/en\/wp-json\/wp\/v2\/product\/13812\/revisions\/15743"}],"wp:featuredmedia":[{"embeddable":true,"href":"https:\/\/eurosconto.com\/en\/wp-json\/wp\/v2\/media\/13840"}],"wp:attachment":[{"href":"https:\/\/eurosconto.com\/en\/wp-json\/wp\/v2\/media?parent=13812"}],"wp:term":[{"taxonomy":"product_brand","embeddable":true,"href":"https:\/\/eurosconto.com\/en\/wp-json\/wp\/v2\/product_brand?post=13812"},{"taxonomy":"product_cat","embeddable":true,"href":"https:\/\/eurosconto.com\/en\/wp-json\/wp\/v2\/product_cat?post=13812"},{"taxonomy":"product_tag","embeddable":true,"href":"https:\/\/eurosconto.com\/en\/wp-json\/wp\/v2\/product_tag?post=13812"}],"curies":[{"name":"wp","href":"https:\/\/api.w.org\/{rel}","templated":true}]}}