{"id":15794,"date":"2025-10-05T17:05:57","date_gmt":"2025-10-05T14:05:57","guid":{"rendered":"https:\/\/eurosconto.com\/?post_type=product&#038;p=15794"},"modified":"2026-04-20T17:16:21","modified_gmt":"2026-04-20T14:16:21","slug":"metalinis-medalis-12-metu-kartu-silkines-vestuves","status":"publish","type":"product","link":"https:\/\/eurosconto.com\/en\/product\/metalinis-medalis-12-metu-kartu-silkines-vestuves\/","title":{"rendered":"Metalinis medalis 12 met\u0173 kartu\/ \u0160ilkin\u0117s vestuv\u0117s"},"content":{"rendered":"","protected":false},"excerpt":{"rendered":"","protected":false},"featured_media":16025,"template":"","meta":[],"product_brand":[],"product_cat":[179],"product_tag":[],"class_list":{"0":"post-15794","1":"product","2":"type-product","3":"status-publish","4":"has-post-thumbnail","6":"product_cat-medals","8":"first","9":"instock","10":"taxable","11":"shipping-taxable","12":"purchasable","13":"product-type-simple"},"_links":{"self":[{"href":"https:\/\/eurosconto.com\/en\/wp-json\/wp\/v2\/product\/15794","targetHints":{"allow":["GET"]}}],"collection":[{"href":"https:\/\/eurosconto.com\/en\/wp-json\/wp\/v2\/product"}],"about":[{"href":"https:\/\/eurosconto.com\/en\/wp-json\/wp\/v2\/types\/product"}],"version-history":[{"count":1,"href":"https:\/\/eurosconto.com\/en\/wp-json\/wp\/v2\/product\/15794\/revisions"}],"predecessor-version":[{"id":15824,"href":"https:\/\/eurosconto.com\/en\/wp-json\/wp\/v2\/product\/15794\/revisions\/15824"}],"wp:featuredmedia":[{"embeddable":true,"href":"https:\/\/eurosconto.com\/en\/wp-json\/wp\/v2\/media\/16025"}],"wp:attachment":[{"href":"https:\/\/eurosconto.com\/en\/wp-json\/wp\/v2\/media?parent=15794"}],"wp:term":[{"taxonomy":"product_brand","embeddable":true,"href":"https:\/\/eurosconto.com\/en\/wp-json\/wp\/v2\/product_brand?post=15794"},{"taxonomy":"product_cat","embeddable":true,"href":"https:\/\/eurosconto.com\/en\/wp-json\/wp\/v2\/product_cat?post=15794"},{"taxonomy":"product_tag","embeddable":true,"href":"https:\/\/eurosconto.com\/en\/wp-json\/wp\/v2\/product_tag?post=15794"}],"curies":[{"name":"wp","href":"https:\/\/api.w.org\/{rel}","templated":true}]}}