{"id":15834,"date":"2025-10-05T17:06:21","date_gmt":"2025-10-05T14:06:21","guid":{"rendered":"https:\/\/eurosconto.com\/?post_type=product&#038;p=15834"},"modified":"2026-04-20T07:16:22","modified_gmt":"2026-04-20T04:16:22","slug":"metalinis-medalis-6-metai-kartu-gelezines-vestuves","status":"publish","type":"product","link":"https:\/\/eurosconto.com\/en\/product\/metalinis-medalis-6-metai-kartu-gelezines-vestuves\/","title":{"rendered":"Metalinis medalis 6 metai kartu\/ Gele\u017ein\u0117s vestuv\u0117s"},"content":{"rendered":"","protected":false},"excerpt":{"rendered":"","protected":false},"featured_media":16019,"template":"","meta":[],"product_brand":[],"product_cat":[179],"product_tag":[],"class_list":{"0":"post-15834","1":"product","2":"type-product","3":"status-publish","4":"has-post-thumbnail","6":"product_cat-medals","8":"first","9":"instock","10":"taxable","11":"shipping-taxable","12":"purchasable","13":"product-type-simple"},"_links":{"self":[{"href":"https:\/\/eurosconto.com\/en\/wp-json\/wp\/v2\/product\/15834","targetHints":{"allow":["GET"]}}],"collection":[{"href":"https:\/\/eurosconto.com\/en\/wp-json\/wp\/v2\/product"}],"about":[{"href":"https:\/\/eurosconto.com\/en\/wp-json\/wp\/v2\/types\/product"}],"version-history":[{"count":1,"href":"https:\/\/eurosconto.com\/en\/wp-json\/wp\/v2\/product\/15834\/revisions"}],"predecessor-version":[{"id":15864,"href":"https:\/\/eurosconto.com\/en\/wp-json\/wp\/v2\/product\/15834\/revisions\/15864"}],"wp:featuredmedia":[{"embeddable":true,"href":"https:\/\/eurosconto.com\/en\/wp-json\/wp\/v2\/media\/16019"}],"wp:attachment":[{"href":"https:\/\/eurosconto.com\/en\/wp-json\/wp\/v2\/media?parent=15834"}],"wp:term":[{"taxonomy":"product_brand","embeddable":true,"href":"https:\/\/eurosconto.com\/en\/wp-json\/wp\/v2\/product_brand?post=15834"},{"taxonomy":"product_cat","embeddable":true,"href":"https:\/\/eurosconto.com\/en\/wp-json\/wp\/v2\/product_cat?post=15834"},{"taxonomy":"product_tag","embeddable":true,"href":"https:\/\/eurosconto.com\/en\/wp-json\/wp\/v2\/product_tag?post=15834"}],"curies":[{"name":"wp","href":"https:\/\/api.w.org\/{rel}","templated":true}]}}