{"id":15855,"date":"2025-10-05T17:06:22","date_gmt":"2025-10-05T14:06:22","guid":{"rendered":"https:\/\/eurosconto.com\/?post_type=product&#038;p=15855"},"modified":"2026-04-20T15:16:49","modified_gmt":"2026-04-20T12:16:49","slug":"metalinis-medalis-mylimai-zmonai-uz-meile-ir-rupesti","status":"publish","type":"product","link":"https:\/\/eurosconto.com\/en\/product\/metalinis-medalis-mylimai-zmonai-uz-meile-ir-rupesti\/","title":{"rendered":"Metalinis medalis &#8216;Mylimam \u017emonai u\u017e meil\u0119 ir r\u016bpest\u012f&#8217;"},"content":{"rendered":"","protected":false},"excerpt":{"rendered":"","protected":false},"featured_media":16061,"template":"","meta":[],"product_brand":[],"product_cat":[179],"product_tag":[],"class_list":{"0":"post-15855","1":"product","2":"type-product","3":"status-publish","4":"has-post-thumbnail","6":"product_cat-medals","8":"first","9":"instock","10":"taxable","11":"shipping-taxable","12":"purchasable","13":"product-type-simple"},"_links":{"self":[{"href":"https:\/\/eurosconto.com\/en\/wp-json\/wp\/v2\/product\/15855","targetHints":{"allow":["GET"]}}],"collection":[{"href":"https:\/\/eurosconto.com\/en\/wp-json\/wp\/v2\/product"}],"about":[{"href":"https:\/\/eurosconto.com\/en\/wp-json\/wp\/v2\/types\/product"}],"version-history":[{"count":3,"href":"https:\/\/eurosconto.com\/en\/wp-json\/wp\/v2\/product\/15855\/revisions"}],"predecessor-version":[{"id":16368,"href":"https:\/\/eurosconto.com\/en\/wp-json\/wp\/v2\/product\/15855\/revisions\/16368"}],"wp:featuredmedia":[{"embeddable":true,"href":"https:\/\/eurosconto.com\/en\/wp-json\/wp\/v2\/media\/16061"}],"wp:attachment":[{"href":"https:\/\/eurosconto.com\/en\/wp-json\/wp\/v2\/media?parent=15855"}],"wp:term":[{"taxonomy":"product_brand","embeddable":true,"href":"https:\/\/eurosconto.com\/en\/wp-json\/wp\/v2\/product_brand?post=15855"},{"taxonomy":"product_cat","embeddable":true,"href":"https:\/\/eurosconto.com\/en\/wp-json\/wp\/v2\/product_cat?post=15855"},{"taxonomy":"product_tag","embeddable":true,"href":"https:\/\/eurosconto.com\/en\/wp-json\/wp\/v2\/product_tag?post=15855"}],"curies":[{"name":"wp","href":"https:\/\/api.w.org\/{rel}","templated":true}]}}