{"id":15916,"date":"2025-10-05T17:06:45","date_gmt":"2025-10-05T14:06:45","guid":{"rendered":"https:\/\/eurosconto.com\/?post_type=product&#038;p=15916"},"modified":"2026-04-20T08:46:29","modified_gmt":"2026-04-20T05:46:29","slug":"medinis-medalis-eglute-linksmu-kaledu-kaledu-senis","status":"publish","type":"product","link":"https:\/\/eurosconto.com\/en\/product\/medinis-medalis-eglute-linksmu-kaledu-kaledu-senis\/","title":{"rendered":"Medinis medalis EGLUT\u0116 &#8211; Linksm\u0173 kal\u0117d\u0173\/ Kal\u0117d\u0173 senis"},"content":{"rendered":"","protected":false},"excerpt":{"rendered":"","protected":false},"featured_media":15980,"template":"","meta":[],"product_brand":[],"product_cat":[179],"product_tag":[],"class_list":{"0":"post-15916","1":"product","2":"type-product","3":"status-publish","4":"has-post-thumbnail","6":"product_cat-medals","8":"first","9":"instock","10":"taxable","11":"shipping-taxable","12":"purchasable","13":"product-type-simple"},"_links":{"self":[{"href":"https:\/\/eurosconto.com\/en\/wp-json\/wp\/v2\/product\/15916","targetHints":{"allow":["GET"]}}],"collection":[{"href":"https:\/\/eurosconto.com\/en\/wp-json\/wp\/v2\/product"}],"about":[{"href":"https:\/\/eurosconto.com\/en\/wp-json\/wp\/v2\/types\/product"}],"version-history":[{"count":1,"href":"https:\/\/eurosconto.com\/en\/wp-json\/wp\/v2\/product\/15916\/revisions"}],"predecessor-version":[{"id":15946,"href":"https:\/\/eurosconto.com\/en\/wp-json\/wp\/v2\/product\/15916\/revisions\/15946"}],"wp:featuredmedia":[{"embeddable":true,"href":"https:\/\/eurosconto.com\/en\/wp-json\/wp\/v2\/media\/15980"}],"wp:attachment":[{"href":"https:\/\/eurosconto.com\/en\/wp-json\/wp\/v2\/media?parent=15916"}],"wp:term":[{"taxonomy":"product_brand","embeddable":true,"href":"https:\/\/eurosconto.com\/en\/wp-json\/wp\/v2\/product_brand?post=15916"},{"taxonomy":"product_cat","embeddable":true,"href":"https:\/\/eurosconto.com\/en\/wp-json\/wp\/v2\/product_cat?post=15916"},{"taxonomy":"product_tag","embeddable":true,"href":"https:\/\/eurosconto.com\/en\/wp-json\/wp\/v2\/product_tag?post=15916"}],"curies":[{"name":"wp","href":"https:\/\/api.w.org\/{rel}","templated":true}]}}