{"id":15953,"date":"2025-10-05T17:07:06","date_gmt":"2025-10-05T14:07:06","guid":{"rendered":"https:\/\/eurosconto.com\/?post_type=product&#038;p=15953"},"modified":"2026-04-20T12:16:38","modified_gmt":"2026-04-20T09:16:38","slug":"medinis-medalis-zvaigzde-zvaigzde-zvaigzdei","status":"publish","type":"product","link":"https:\/\/eurosconto.com\/en\/product\/medinis-medalis-zvaigzde-zvaigzde-zvaigzdei\/","title":{"rendered":"Medinis medalis \u017dVAIG\u017dD\u0116 &#8211; \u017dvaig\u017ed\u0117 \u017evaig\u017edei"},"content":{"rendered":"","protected":false},"excerpt":{"rendered":"","protected":false},"featured_media":15974,"template":"","meta":[],"product_brand":[],"product_cat":[179],"product_tag":[],"class_list":{"0":"post-15953","1":"product","2":"type-product","3":"status-publish","4":"has-post-thumbnail","6":"product_cat-medals","8":"first","9":"instock","10":"taxable","11":"shipping-taxable","12":"purchasable","13":"product-type-simple"},"_links":{"self":[{"href":"https:\/\/eurosconto.com\/en\/wp-json\/wp\/v2\/product\/15953","targetHints":{"allow":["GET"]}}],"collection":[{"href":"https:\/\/eurosconto.com\/en\/wp-json\/wp\/v2\/product"}],"about":[{"href":"https:\/\/eurosconto.com\/en\/wp-json\/wp\/v2\/types\/product"}],"version-history":[{"count":1,"href":"https:\/\/eurosconto.com\/en\/wp-json\/wp\/v2\/product\/15953\/revisions"}],"predecessor-version":[{"id":15961,"href":"https:\/\/eurosconto.com\/en\/wp-json\/wp\/v2\/product\/15953\/revisions\/15961"}],"wp:featuredmedia":[{"embeddable":true,"href":"https:\/\/eurosconto.com\/en\/wp-json\/wp\/v2\/media\/15974"}],"wp:attachment":[{"href":"https:\/\/eurosconto.com\/en\/wp-json\/wp\/v2\/media?parent=15953"}],"wp:term":[{"taxonomy":"product_brand","embeddable":true,"href":"https:\/\/eurosconto.com\/en\/wp-json\/wp\/v2\/product_brand?post=15953"},{"taxonomy":"product_cat","embeddable":true,"href":"https:\/\/eurosconto.com\/en\/wp-json\/wp\/v2\/product_cat?post=15953"},{"taxonomy":"product_tag","embeddable":true,"href":"https:\/\/eurosconto.com\/en\/wp-json\/wp\/v2\/product_tag?post=15953"}],"curies":[{"name":"wp","href":"https:\/\/api.w.org\/{rel}","templated":true}]}}