{"id":10,"date":"2024-02-07T14:31:32","date_gmt":"2024-02-07T14:31:32","guid":{"rendered":"https:\/\/eurosconto.com\/cart\/"},"modified":"2026-04-17T22:16:52","modified_gmt":"2026-04-17T19:16:52","slug":"cart","status":"publish","type":"page","link":"https:\/\/eurosconto.com\/lt\/cart\/","title":{"rendered":"Cart"},"content":{"rendered":"<div data-block-name=\"woocommerce\/classic-shortcode\" data-shortcode=\"cart\" class=\"woocommerce wp-block-group alignwide\"><div class=\"woocommerce-notices-wrapper\"><\/div><div class=\"wc-empty-cart-message\">\n\t<div class=\"cart-empty woocommerce-info\">\n\t\tKrep\u0161elis dar tu\u0161\u010dias.\t<\/div>\n<\/div>\t\t<p class=\"cart-empty wd-empty-page wc-empty-cart-message\">\n\t\t\tKrep\u0161elis dar tu\u0161\u010dias.\t\t<\/p>\n\t\t\t\t\t\t<div class=\"wd-empty-page-text\">\n\t\t\t\tBefore proceed to checkout you must add some products to your shopping cart.<br> You will find a lot of interesting products on our &#8220;Shop&#8221; page.\t\t\t<\/div>\n\t\t\t\t<p class=\"return-to-shop\">\n\t\t<a class=\"button wc-backward\" href=\"https:\/\/eurosconto.com\/lt\/shop\/\">\n\t\t\tGr\u012f\u017eti \u012f parduotuv\u0119\t\t<\/a>\n\t<\/p>\n<\/div>","protected":false},"excerpt":{"rendered":"","protected":false},"author":1,"featured_media":0,"parent":0,"menu_order":0,"comment_status":"closed","ping_status":"closed","template":"","meta":{"footnotes":""},"class_list":["post-10","page","type-page","status-publish","hentry"],"_links":{"self":[{"href":"https:\/\/eurosconto.com\/lt\/wp-json\/wp\/v2\/pages\/10","targetHints":{"allow":["GET"]}}],"collection":[{"href":"https:\/\/eurosconto.com\/lt\/wp-json\/wp\/v2\/pages"}],"about":[{"href":"https:\/\/eurosconto.com\/lt\/wp-json\/wp\/v2\/types\/page"}],"author":[{"embeddable":true,"href":"https:\/\/eurosconto.com\/lt\/wp-json\/wp\/v2\/users\/1"}],"replies":[{"embeddable":true,"href":"https:\/\/eurosconto.com\/lt\/wp-json\/wp\/v2\/comments?post=10"}],"version-history":[{"count":1,"href":"https:\/\/eurosconto.com\/lt\/wp-json\/wp\/v2\/pages\/10\/revisions"}],"predecessor-version":[{"id":15,"href":"https:\/\/eurosconto.com\/lt\/wp-json\/wp\/v2\/pages\/10\/revisions\/15"}],"wp:attachment":[{"href":"https:\/\/eurosconto.com\/lt\/wp-json\/wp\/v2\/media?parent=10"}],"curies":[{"name":"wp","href":"https:\/\/api.w.org\/{rel}","templated":true}]}}