{"id":17644,"date":"2026-01-15T23:14:46","date_gmt":"2026-01-15T21:14:46","guid":{"rendered":"https:\/\/eurosconto.com\/?page_id=17644"},"modified":"2026-01-16T00:14:05","modified_gmt":"2026-01-15T22:14:05","slug":"sweepstakes-terms-and-conditions","status":"publish","type":"page","link":"https:\/\/eurosconto.com\/lt\/sweepstakes-terms-and-conditions\/","title":{"rendered":"Sweepstakes terms and conditions"},"content":{"rendered":"<p><\/p>\n\n\n\n<h2 class=\"wp-block-heading\">1. \u017daidimo organizatorius<\/h2>\n\n\n\n<p class=\"translation-block\">\u017daidim\u0105 organizuoja UAB \u201eMidas Marketing\u201c, juridinio asmens kodas 123962997, registruota buvein\u0117 S. \u017dukausko g. 49, Vilnius, Lietuvos Respublika (toliau \u2013 Organizatorius).<\/p>\n\n\n\n<p class=\"translation-block\">Organizatorius suteikia dalyviams galimyb\u0119 laim\u0117ti \u201eEurosconto.com\u201c dovan\u0173 kuponus ir nuolaid\u0173 kodus (toliau \u2013 Prizai).<\/p>\n\n\n\n<h2 class=\"wp-block-heading\">2. Dalyvavimo s\u0105lygos<\/h2>\n\n\n\n<p class=\"translation-block\">\u017daidime gali dalyvauti fiziniai asmenys, kuriems yra ne ma\u017eiau kaip 18 met\u0173 ir kurie yra Lietuvos Respublikos gyventojai (toliau \u2013 Dalyvis).<\/p>\n\n\n\n<p>Organizatoriaus darbuotojai ir j\u0173 artimi \u0161eimos nariai \u017eaidime dalyvauti negali.<\/p>\n\n\n\n<p>Dalyvaudamas \u017eaidime, Dalyvis patvirtina, kad atitinka dalyvavimo s\u0105lygas, ir sutinka laikytis \u0161i\u0173 Oficiali\u0173 taisykli\u0173 bei Organizatoriaus sprendim\u0173, kurie yra galutiniai ir neskund\u017eiami.<\/p>\n\n\n\n<h2 class=\"wp-block-heading\">3. \u017daidimo laikotarpis<\/h2>\n\n\n\n<p>\u017daidimas vykdomas nuolat, laikantis \u0161iose Oficialiose taisykl\u0117se nustatyt\u0173 s\u0105lyg\u0173.<br>Organizatorius pasilieka teis\u0119 bet kuriuo metu sustabdyti, pakeisti ar nutraukti \u017eaidim\u0105 d\u0117l svarbi\u0173 prie\u017eas\u010di\u0173, vadovaudamasis galiojan\u010diais teis\u0117s aktais.<\/p>\n\n\n\n<h2 class=\"wp-block-heading\">4. Dalyvavimo tvarka<\/h2>\n\n\n\n<p>Nor\u0117damas dalyvauti \u017eaidime, Dalyvis turi:<\/p>\n\n\n\n<ol class=\"wp-block-list\">\n<li>Apsilankyti interneto svetain\u0117je https:\/\/eurosconto.com\/lottery<\/li>\n\n\n\n<li class=\"translation-block\">\u012evesti vard\u0105, pavard\u0119 ir el. pa\u0161to adres\u0105 tam skirtuose laukeliuose<\/li>\n\n\n\n<li>Patvirtinti, kad sutinka su \u0161iomis Oficialiosiomis taisykl\u0117mis<\/li>\n\n\n\n<li class=\"translation-block\">Paspausti mygtuk\u0105 \u201ePrad\u0117ti \u017eaidim\u0105\u201c<\/li>\n<\/ol>\n\n\n\n<p>Dalyvavimas \u017eaidime yra nemokamas ir nereikalauja jokio pirkimo.<\/p>\n\n\n\n<p class=\"translation-block\">S\u0117kmingai u\u017esiregistrav\u0119s Dalyvis el. pa\u0161tu gauna slapta\u017eod\u017eiu apsaugot\u0105 lentel\u0119, kurioje pateikiama priz\u0173 paskirstymo schema.<\/p>\n\n\n\n<p class=\"translation-block\">Tuomet Dalyviui pateikiama skaitmenin\u0117 s\u0105saja su pasl\u0117ptomis kortel\u0117mis. Kiekviena kortel\u0117 rei\u0161kia galim\u0105 Priz\u0105.\nDalyvis pasirenka vien\u0105 kortel\u0119 paspausdamas ant jos. Prizas nustatomas atsitiktinai ir atskleid\u017eiamas i\u0161 karto.<\/p>\n\n\n\n<p>Po keli\u0173 sekund\u017ei\u0173 visos kortel\u0117s gali b\u016bti atveriamos tik informaciniais ir skaidrumo tikslais.<\/p>\n\n\n\n<h3 class=\"wp-block-heading\">5. I\u0161ankstinio \u012fsipareigojimo ir s\u0105\u017einingo \u017eaidimo mechanizmas (Priz\u0173 paskirstymo \u012frodymas)<\/h3>\n\n\n\n<p class=\"translation-block\">S\u0117kmingai u\u017esiregistravus ir dar prie\u0161 pasirenkant ar atveriant bet kuri\u0105 kortel\u0119, Dalyvis el. pa\u0161tu gauna slapta\u017eod\u017eiu apsaugot\u0105 lentel\u0119 (toliau \u2013 Priz\u0173 paskirstymo lentel\u0117).<\/p>\n\n\n\n<p class=\"translation-block\">\u0160i lentel\u0117 sugeneruojama i\u0161 anksto ir joje pateikiamas pilnas, fiksuotas priz\u0173 paskirstymas konkre\u010diai momentinio laim\u0117jimo \u017eaidimo sesijai.\nSlapta\u017eodis \u0161iai lentelei atidaryti siun\u010diamas tik po to, kai prizas yra atskleid\u017eiamas.<\/p>\n\n\n\n<p class=\"translation-block\">\u0160io mechanizmo tikslas \u2013 u\u017etikrinti \u017eaidimo s\u0105\u017einingum\u0105, skaidrum\u0105 ir patikrinamum\u0105. Priz\u0173 paskirstymo lentel\u0117 patvirtina, kad:<\/p>\n\n\n\n<ul class=\"wp-block-list\">\n<li class=\"translation-block\">prizai yra priskiriami i\u0161 anksto, dar prie\u0161 Dalyviui atliekant bet kokius veiksmus;<\/li>\n\n\n\n<li class=\"translation-block\">prizo rezultatas n\u0117ra generuojamas, kei\u010diamas ar \u012ftakojamas Dalyvio pasirinktos kortel\u0117s;<\/li>\n\n\n\n<li class=\"translation-block\">prizas n\u0117ra sugeneruojamas po kortel\u0117s paspaudimo.<\/li>\n<\/ul>\n\n\n\n<p class=\"translation-block\">Kortel\u0117s pasirinkimas yra tik vizualin\u0117 ir interaktyvi s\u0105saja. Paspaudus kortel\u0119, atskleid\u017eiamas jau i\u0161 anksto nustatytas prizas, nurodytas Priz\u0173 paskirstymo lentel\u0117je.<\/p>\n\n\n\n<p>Po prizo atskleidimo visos kortel\u0117s gali b\u016bti parodytos skaidrumo ir informaciniais tikslais.\nDalyvis gali atidaryti Priz\u0173 paskirstymo lentel\u0119 naudodamas pateikt\u0105 slapta\u017eod\u012f ir savaranki\u0161kai patikrinti, ar laim\u0117tas prizas atitinka i\u0161 anksto nustatyt\u0105 paskirstym\u0105.<\/p>\n\n\n\n<p class=\"translation-block\">\u0160is mechanizmas \u012fgyvendinamas siekiant laikytis s\u0105\u017einingos reklamin\u0117s praktikos, u\u017ekirsti keli\u0105 manipuliacijoms ir u\u017etikrinti, kad su visais Dalyviais b\u016bt\u0173 elgiamasi vienodai.<\/p>\n\n\n\n<h2 class=\"wp-block-heading\">6. Prizai ir laim\u0117jimo kodai<\/h2>\n\n\n\n<p class=\"translation-block\">Atskleistas Prizas pateikiamas kartu su unikaliu laim\u0117jimo kodu, kuris gali b\u016bti panaudotas \u201eEurosconto.com\u201c internetin\u0117je parduotuv\u0117je.\n\nLaim\u0117jimo kodai galioja 14 kalendorini\u0173 dien\u0173 nuo j\u0173 i\u0161davimo datos.<\/p>\n\n\n\n<p>Dalyvis taip pat el. pa\u0161tu gauna:<\/p>\n\n\n\n<ul class=\"wp-block-list\">\n<li>laim\u0117jimo kod\u0105;<\/li>\n\n\n\n<li>slapta\u017eod\u012f, reikaling\u0105 anks\u010diau atsi\u0173stai lentelei atidaryti.<\/li>\n<\/ul>\n\n\n\n<p class=\"translation-block\">Jeigu laim\u0117jimo kodas n\u0117ra panaudojamas, Dalyvis gali dalyvauti \u017eaidime pakartotinai po 30 dien\u0173.\nJeigu laim\u0117jimo kodas panaudojamas ir \u201eEurosconto.com\u201c parduotuv\u0117je perkamos prek\u0117s u\u017e ne ma\u017eesn\u0119 nei 10 EUR sum\u0105, Dalyvis gali dalyvauti \u017eaidime pakartotinai.<\/p>\n\n\n\n<h2 class=\"wp-block-heading\">7. Priz\u0173 apmokestinimas<\/h2>\n\n\n\n<p class=\"translation-block\">Visus su Prizais susijusius mokes\u010dius, jei tokie taikomi pagal Lietuvos Respublikos teis\u0117s aktus, apmoka pats Dalyvis.\n\nOrganizatorius neatsako u\u017e jokias mokestines prievoles, atsirandan\u010dias d\u0117l Prizo gavimo ar naudojimo.<\/p>\n\n\n\n<h2 class=\"wp-block-heading\">8. Naujienlai\u0161ki\u0173 prenumerata ir asmens duomenys<\/h2>\n\n\n\n<p class=\"translation-block\">Dalyvaudamas \u017eaidime, Dalyvis sutinka gauti rinkodaros prane\u0161imus ir naujienlai\u0161kius el. pa\u0161tu ir SMS \u017einut\u0117mis i\u0161 \u201eEurosconto.com\u201c nurodytu el. pa\u0161to adresu ir telefono numeriu.<\/p>\n\n\n\n<p>Asmens duomenys tvarkomi vadovaujantis:<\/p>\n\n\n\n<ul class=\"wp-block-list\">\n<li>Reglamentu (ES) 2016\/679 (BDAR);<\/li>\n\n\n\n<li>galiojan\u010diais Lietuvos Respublikos asmens duomen\u0173 apsaugos teis\u0117s aktais.<\/li>\n<\/ul>\n\n\n\n<p>Asmens duomenys naudojami tik \u017eaidimo administravimo, priz\u0173 suteikimo ir rinkodaros tikslais, laikantis Organizatoriaus privatumo politikos.<\/p>\n\n\n\n<h2 class=\"wp-block-heading\">9. Vie\u0161as laim\u0117toj\u0173 paskelbimas<\/h2>\n\n\n\n<p class=\"translation-block\">Priimdamas Priz\u0105, Dalyvis sutinka, kad Organizatorius gali vie\u0161ai paskelbti Dalyvio vard\u0105, gyvenam\u0105j\u012f miest\u0105 ir laim\u0117t\u0105 Priz\u0105:<\/p>\n\n\n\n<ul class=\"wp-block-list\">\n<li>\u201eEurosconto.com\u201c interneto svetain\u0117je;<\/li>\n\n\n\n<li>Organizatoriaus \u201eFacebook\u201c, \u201eInstagram\u201c ir \u201eTikTok\u201c paskyrose.<\/li>\n<\/ul>\n\n\n\n<p>\u0160is atskleidimas pateikiamas laikantis reklaminio \u017eaidimo skaidrumo reikalavim\u0173.<\/p>\n\n\n\n<h2 class=\"wp-block-heading\">10. Priz\u0173 apribojimai ir keitimas<\/h2>\n\n\n\n<p class=\"translation-block\">Prizai n\u0117ra perduodami kitiems asmenims, nekei\u010diami ir nekei\u010diami \u012f pinigus, i\u0161skyrus atvejus, kai kitaip nusprend\u017eia Organizatorius.<\/p>\n\n\n\n<p class=\"translation-block\">Organizatorius pasilieka teis\u0119, esant b\u016btinybei, pakeisti Priz\u0105 kitu lygiaver\u010diu arba didesn\u0117s vert\u0117s prizu.<\/p>\n\n\n\n<p class=\"translation-block\">Neatsiimti, atsisakyti ar d\u0117l Dalyvio kalt\u0117s nepristatyti Prizai pakartotinai neteikiami.<\/p>\n\n\n\n<h2 class=\"wp-block-heading\">11. Atsakomyb\u0117s apribojimas<\/h2>\n\n\n\n<p>Organizatorius neatsako u\u017e:<\/p>\n\n\n\n<ul class=\"wp-block-list\">\n<li>techninius gedimus;<\/li>\n\n\n\n<li>tinklo ry\u0161io sutrikimus;<\/li>\n\n\n\n<li>el. lai\u0161k\u0173 pristatymo problemas;<\/li>\n\n\n\n<li>bet kokias aplinkybes, nepriklausan\u010dias nuo Organizatoriaus pagr\u012fstos kontrol\u0117s, kurios gali tur\u0117ti \u012ftakos dalyvavimui ar priz\u0173 pristatymui.<\/li>\n<\/ul>\n\n\n\n<h2 class=\"wp-block-heading\">12. Baigiamosios nuostatos<\/h2>\n\n\n\n<p class=\"translation-block\">Dalyvavimas \u017eaidime rei\u0161kia visi\u0161k\u0105 ir bes\u0105lygi\u0161k\u0105 \u0161i\u0173 Oficiali\u0173 taisykli\u0173 pri\u0117mim\u0105.\nBendras priz\u0173 skai\u010dius negali vir\u0161yti Organizatoriaus nustatyto kiekio.<\/p>\n\n\n\n<p class=\"translation-block\">\u0160ios Oficialios taisykl\u0117s yra reglamentuojamos ir ai\u0161kinamos pagal Lietuvos Respublikos teis\u0119.<\/p>\n\n\n\n<h2 class=\"wp-block-heading\">13. Kontaktin\u0117 informacija<\/h2>\n\n\n\n<p>D\u0117l papildomos informacijos apie \u017eaidim\u0105, pra\u0161ome susisiekti:<\/p>\n\n\n\n<p>\ud83d\udcde <strong>+370 612 70575<\/strong><\/p>\n\n\n\n<p>\ud83d\udce7 <strong><a href=\"mailto:info@eurosconto.com\">info@eurosconto.com<\/a><\/strong><\/p>","protected":false},"excerpt":{"rendered":"<p>1. Sponsor (Organizer) The Sweepstakes is organized by UAB \u201cMidas Marketing\u201d, company registration number 123962997, registered address S. \u017dukausko g.<\/p>","protected":false},"author":39,"featured_media":0,"parent":0,"menu_order":0,"comment_status":"closed","ping_status":"closed","template":"","meta":{"footnotes":""},"class_list":["post-17644","page","type-page","status-publish","hentry"],"_links":{"self":[{"href":"https:\/\/eurosconto.com\/lt\/wp-json\/wp\/v2\/pages\/17644","targetHints":{"allow":["GET"]}}],"collection":[{"href":"https:\/\/eurosconto.com\/lt\/wp-json\/wp\/v2\/pages"}],"about":[{"href":"https:\/\/eurosconto.com\/lt\/wp-json\/wp\/v2\/types\/page"}],"author":[{"embeddable":true,"href":"https:\/\/eurosconto.com\/lt\/wp-json\/wp\/v2\/users\/39"}],"replies":[{"embeddable":true,"href":"https:\/\/eurosconto.com\/lt\/wp-json\/wp\/v2\/comments?post=17644"}],"version-history":[{"count":4,"href":"https:\/\/eurosconto.com\/lt\/wp-json\/wp\/v2\/pages\/17644\/revisions"}],"predecessor-version":[{"id":18027,"href":"https:\/\/eurosconto.com\/lt\/wp-json\/wp\/v2\/pages\/17644\/revisions\/18027"}],"wp:attachment":[{"href":"https:\/\/eurosconto.com\/lt\/wp-json\/wp\/v2\/media?parent=17644"}],"curies":[{"name":"wp","href":"https:\/\/api.w.org\/{rel}","templated":true}]}}