{"id":52,"date":"2022-12-01T12:05:13","date_gmt":"2022-12-01T12:05:13","guid":{"rendered":"http:\/\/dummy.xtemos.com\/woodmart2\/mega-electronics-elementor\/?page_id=52"},"modified":"2026-02-23T13:06:52","modified_gmt":"2026-02-23T11:06:52","slug":"delivery-return-2","status":"publish","type":"page","link":"https:\/\/eurosconto.com\/lt\/delivery-return-2\/","title":{"rendered":"Pristatymas ir gra\u017einimas"},"content":{"rendered":"<div data-elementor-type=\"wp-page\" data-elementor-id=\"52\" class=\"elementor elementor-52\">\n\t\t\t\t<div class=\"wd-negative-gap elementor-element elementor-element-b769d41 e-flex e-con-boxed e-con e-parent\" data-id=\"b769d41\" data-element_type=\"container\">\n\t\t\t\t\t<div class=\"e-con-inner\">\n\t\t<div class=\"elementor-element elementor-element-e439139 e-con-full e-flex e-con e-child\" data-id=\"e439139\" data-element_type=\"container\">\n\t\t<div class=\"elementor-element elementor-element-3a466ed e-con-full e-flex e-con e-child\" data-id=\"3a466ed\" data-element_type=\"container\" data-settings=\"{&quot;background_background&quot;:&quot;classic&quot;}\">\n\t\t\t\t<div class=\"elementor-element elementor-element-bf2d002 elementor-widget__width-initial wd-width-100 elementor-widget elementor-widget-wd_title\" data-id=\"bf2d002\" data-element_type=\"widget\" data-widget_type=\"wd_title.default\">\n\t\t\t\t<div class=\"elementor-widget-container\">\n\t\t\t\t\t\t\t<div class=\"title-wrapper wd-set-mb reset-last-child wd-title-color-white wd-title-style-default wd-title-size-medium text-left\">\n\n\t\t\t\n\t\t\t<div class=\"liner-continer\">\n\t\t\t\t<h4 class=\"woodmart-title-container title wd-fontsize-xl\">Pristatymas ir Gr\u0105\u017einimas<\/h4> \n\t\t\t\t\t\t\t<\/div>\n\n\t\t\t\t\t<\/div>\n\t\t\t\t\t\t<\/div>\n\t\t\t\t<\/div>\n\t\t\t\t<div class=\"elementor-element elementor-element-44e29d2 elementor-widget__width-initial elementor-widget elementor-widget-wd_image_or_svg\" data-id=\"44e29d2\" data-element_type=\"widget\" data-widget_type=\"wd_image_or_svg.default\">\n\t\t\t\t<div class=\"elementor-widget-container\">\n\t\t\t\t\t\n\t\t<div class=\"wd-image text-center\">\n\t\t\t\t\t\t\t\t<img fetchpriority=\"high\" decoding=\"async\" width=\"420\" height=\"240\" src=\"https:\/\/eurosconto.com\/wp-content\/uploads\/2023\/01\/delivery-return-img.jpg\" class=\"attachment-full size-full\" alt=\"\" srcset=\"https:\/\/eurosconto.com\/wp-content\/uploads\/2023\/01\/delivery-return-img.jpg 420w, https:\/\/eurosconto.com\/wp-content\/uploads\/2023\/01\/delivery-return-img-150x86.jpg 150w\" sizes=\"(max-width: 420px) 100vw, 420px\" \/>\t\t\t\t\t<\/div>\n\n\t\t\t\t\t\t<\/div>\n\t\t\t\t<\/div>\n\t\t\t\t<\/div>\n\t\t\t\t<\/div>\n\t\t<div class=\"wd-sticky-container-lg elementor-element elementor-element-a1c0eeb e-con-full elementor-hidden-tablet elementor-hidden-mobile e-flex e-con e-child\" data-id=\"a1c0eeb\" data-element_type=\"container\">\n\t\t<div class=\"elementor-element elementor-element-d633f79 e-con-full e-flex e-con e-child\" data-id=\"d633f79\" data-element_type=\"container\" data-settings=\"{&quot;background_background&quot;:&quot;classic&quot;}\">\n\t\t\t\t<div class=\"elementor-element elementor-element-dc279f1 wd-width-100 elementor-widget elementor-widget-wd_title\" data-id=\"dc279f1\" data-element_type=\"widget\" data-widget_type=\"wd_title.default\">\n\t\t\t\t<div class=\"elementor-widget-container\">\n\t\t\t\t\t\t\t<div class=\"title-wrapper wd-set-mb reset-last-child wd-title-color-default wd-title-style-default wd-title-size-small text-left\">\n\n\t\t\t\n\t\t\t<div class=\"liner-continer\">\n\t\t\t\t<h4 class=\"woodmart-title-container title wd-fontsize-m\">Reikia pagalbos?<\/h4> \n\t\t\t\t\t\t\t<\/div>\n\n\t\t\t\t\t<\/div>\n\t\t\t\t\t\t<\/div>\n\t\t\t\t<\/div>\n\t\t\t\t<div class=\"elementor-element elementor-element-eb8a096 elementor-widget elementor-widget-wd_list\" data-id=\"eb8a096\" data-element_type=\"widget\" data-widget_type=\"wd_list.default\">\n\t\t\t\t<div class=\"elementor-widget-container\">\n\t\t\t\t\t\t\t<ul class=\"wd-list color-scheme-custom wd-fontsize-xs wd-type-icon wd-style-default text-left\">\n\t\t\t\t\t\t\t\t\t\t\t<li class=\"elementor-repeater-item-b7e03af\">\n\t\t\t\t\t\t\t\t\t\t\t<span class=\"wd-icon\"><img loading=\"lazy\" decoding=\"async\"  src=\"https:\/\/eurosconto.com\/wp-content\/uploads\/2023\/01\/phone-2.svg\" title=\"phone\" width=\"32\" height=\"32\"><\/span>\t\t\t\t\t\n\t\t\t\t\t<span class=\"wd-list-content list-content\">\n\t\t\t\t\t\t+370 660 28550\t\t\t\t\t<\/span>\n\n\t\t\t\t\t\n\t\t\t\t\t\t<a  href=\"#\" class=\"wd-fill\" aria-label=\"List item link\"><\/a>\n\t\t\t\t\t\t\t\t\t<\/li>\n\t\t\t\t\t\t\t\t\t\t\t<li class=\"elementor-repeater-item-c05932f\">\n\t\t\t\t\t\t\t\t\t\t\t<span class=\"wd-icon\"><img loading=\"lazy\" decoding=\"async\"  src=\"https:\/\/eurosconto.com\/wp-content\/uploads\/2023\/01\/email-1.svg\" title=\"email\" width=\"32\" height=\"32\"><\/span>\t\t\t\t\t\n\t\t\t\t\t<span class=\"wd-list-content list-content\">\n\t\t\t\t\t\tEmail: info@eurosconto.com\t\t\t\t\t<\/span>\n\n\t\t\t\t\t\n\t\t\t\t\t\t<a  href=\"#\" class=\"wd-fill\" aria-label=\"List item link\"><\/a>\n\t\t\t\t\t\t\t\t\t<\/li>\n\t\t\t\t\t<\/ul>\n\n\t\t\t\t\t\t<\/div>\n\t\t\t\t<\/div>\n\t\t\t\t<div class=\"elementor-element elementor-element-77a8528 elementor-hidden-desktop elementor-hidden-tablet elementor-hidden-mobile wd-width-100 elementor-widget elementor-widget-wd_title\" data-id=\"77a8528\" data-element_type=\"widget\" data-widget_type=\"wd_title.default\">\n\t\t\t\t<div class=\"elementor-widget-container\">\n\t\t\t\t\t\t\t<div class=\"title-wrapper wd-set-mb reset-last-child wd-title-color-default wd-title-style-default wd-title-size-small text-left\">\n\n\t\t\t\n\t\t\t<div class=\"liner-continer\">\n\t\t\t\t<h4 class=\"woodmart-title-container title wd-fontsize-m\">Sekite mus<\/h4> \n\t\t\t\t\t\t\t<\/div>\n\n\t\t\t\t\t<\/div>\n\t\t\t\t\t\t<\/div>\n\t\t\t\t<\/div>\n\t\t\t\t<div class=\"elementor-element elementor-element-607371f elementor-hidden-desktop elementor-hidden-tablet elementor-hidden-mobile elementor-widget elementor-widget-wd_social_buttons\" data-id=\"607371f\" data-element_type=\"widget\" data-widget_type=\"wd_social_buttons.default\">\n\t\t\t\t<div class=\"elementor-widget-container\">\n\t\t\t\t\t\t\t\t<div\n\t\t\t\t\t\tclass=\"wd-social-icons wd-style-colored wd-size-default social-share wd-shape-circle color-scheme-dark text-left\">\n\t\t\t\t\n\t\t\t\t\n\t\t\t\t\t\t\t\t\t<a rel=\"noopener noreferrer nofollow\" href=\"https:\/\/www.facebook.com\/sharer\/sharer.php?u=https:\/\/eurosconto.com\/lt\/delivery-return-2\/\" target=\"_blank\" class=\"wd-social-icon social-facebook\" aria-label=\"Facebook social link\">\n\t\t\t\t\t\t<span class=\"wd-icon\"><\/span>\n\t\t\t\t\t\t\t\t\t\t\t<\/a>\n\t\t\t\t\n\t\t\t\t\t\t\t\t\t<a rel=\"noopener noreferrer nofollow\" href=\"https:\/\/x.com\/share?url=https:\/\/eurosconto.com\/lt\/delivery-return-2\/\" target=\"_blank\" class=\"wd-social-icon social-twitter\" aria-label=\"X social link\">\n\t\t\t\t\t\t<span class=\"wd-icon\"><\/span>\n\t\t\t\t\t\t\t\t\t\t\t<\/a>\n\t\t\t\t\n\t\t\t\t\n\t\t\t\t\n\t\t\t\t\n\t\t\t\t\n\t\t\t\t\n\t\t\t\t\t\t\t\t\t<a rel=\"noopener noreferrer nofollow\" href=\"https:\/\/pinterest.com\/pin\/create\/button\/?url=https:\/\/eurosconto.com\/lt\/delivery-return-2\/&media=https:\/\/eurosconto.com\/wp-includes\/images\/media\/default.svg&description=Delivery+%26%23038%3B+Return\" target=\"_blank\" class=\"wd-social-icon social-pinterest\" aria-label=\"Pinterest social link\">\n\t\t\t\t\t\t<span class=\"wd-icon\"><\/span>\n\t\t\t\t\t\t\t\t\t\t\t<\/a>\n\t\t\t\t\n\t\t\t\t\n\t\t\t\t\t\t\t\t\t<a rel=\"noopener noreferrer nofollow\" href=\"https:\/\/www.linkedin.com\/shareArticle?mini=true&url=https:\/\/eurosconto.com\/lt\/delivery-return-2\/\" target=\"_blank\" class=\"wd-social-icon social-linkedin\" aria-label=\"Linkedin social link\">\n\t\t\t\t\t\t<span class=\"wd-icon\"><\/span>\n\t\t\t\t\t\t\t\t\t\t\t<\/a>\n\t\t\t\t\n\t\t\t\t\n\t\t\t\t\n\t\t\t\t\n\t\t\t\t\n\t\t\t\t\n\t\t\t\t\n\t\t\t\t\n\t\t\t\t\n\t\t\t\t\n\t\t\t\t\n\t\t\t\t\n\t\t\t\t\n\t\t\t\t\n\t\t\t\t\n\t\t\t\t\n\t\t\t\t\n\t\t\t<\/div>\n\n\t\t\t\t\t\t<\/div>\n\t\t\t\t<\/div>\n\t\t\t\t<\/div>\n\t\t\t\t<\/div>\n\t\t\t\t\t<\/div>\n\t\t\t\t<\/div>\n\t\t<div class=\"wd-negative-gap elementor-element elementor-element-b2c8443 e-flex e-con-boxed e-con e-parent\" data-id=\"b2c8443\" data-element_type=\"container\">\n\t\t\t\t\t<div class=\"e-con-inner\">\n\t\t\t\t<div class=\"elementor-element elementor-element-5252347 elementor-widget elementor-widget-wd_text_block\" data-id=\"5252347\" data-element_type=\"widget\" data-widget_type=\"wd_text_block.default\">\n\t\t\t\t<div class=\"elementor-widget-container\">\n\t\t\t\t\t\t\t<div class=\"wd-text-block reset-last-child text-left\">\n\t\t\t\n\t\t\t<h2>Pristatymo b\u016bdai, kainos ir terminai<\/h2><p>Si\u016blome 3 pristatymo b\u016bdus i\u0161 anksto atsiskai\u010dius u\u017e prekes:<\/p><ol><li><p>Omniva Parcel Machine: Delivery Time: up to 2 business days.<\/p><\/li><li><p>LP Express or Venipak Parcel Machine: Delivery Time: up to 2 business days.<\/p><\/li><li><p>Venipak Courier Delivery: Delivery Time: up to 2 business days.\u00a0<\/p><\/li><\/ol><p>Additionally, considering the volume of orders, we offer the option to pick up goods at our warehouse located at Ferment\u0173. g 4,\u00a0 Kirtimu logistic center, 02244 Vilnius. Goods can be picked up on-site only after payment in advance. If this pickup method is currently available, you will see it on the cart and payment pages.<\/p>\n\t\t\t\t\t<\/div>\n\t\t\t\t\t\t<\/div>\n\t\t\t\t<\/div>\n\t\t\t\t<div class=\"elementor-element elementor-element-dd4c28b elementor-widget elementor-widget-wd_text_block\" data-id=\"dd4c28b\" data-element_type=\"widget\" data-widget_type=\"wd_text_block.default\">\n\t\t\t\t<div class=\"elementor-widget-container\">\n\t\t\t\t\t\t\t<div class=\"wd-text-block reset-last-child text-left\">\n\t\t\t\n\t\t\t<h2><strong>Kaip greitai galiu gauti savo u\u017esakym\u0105?<\/strong><\/h2><p>\u017demiau esan\u010dioje lentel\u0117je galite pamatyti savait\u0117s dien\u0105 ir laik\u0105, kada J\u016bs\u0173 u\u017esakymas bus perduotas kurjeriui. Kai J\u016bs\u0173 u\u017esakymas bus perduotas kurjeriui, u\u017esakyme nurodytu el.pa\u0161tu gausite prane\u0161im\u0105. Paprastai kurjeri\u0173 tarnyba pristato prekes J\u016bs\u0173 nurodytu adresu arba \u012f nurodyt\u0105 pa\u0161tomat\u0105 per 48 val. Jei J\u016bs\u0173 u\u017esakymo pristatymas v\u0117luoja ilgiau nei 72 valandas, prane\u0161kite mums \u2013 ra\u0161ykite mums.<\/p><table><thead><tr><th>Laikas, kai pateik\u0117te u\u017esakym\u0105<\/th><th>Laikas, kai J\u016bs\u0173 u\u017esakymas bus perduotas kurjeriui<\/th><\/tr><\/thead><tbody><tr><td>Pirmadienis 13:30- Antradienis 13:30<\/td><td>Antradienis 15:00<\/td><\/tr><tr><td>Antradienis 13:30 \u2013 Tre\u010diadienis 13:30<\/td><td>Tre\u010diadienis 15:00<\/td><\/tr><tr><td>Tre\u010diadienis 13:30 \u2013 Ketvirtadienis 13:30<\/td><td>Ketvirtadienis 15:00<\/td><\/tr><tr><td>Ketvirtadienis 13:30 \u2013 Penktadienis 13:30<\/td><td>Penktadienis 15:00<\/td><\/tr><tr><td>Penktadienis 13:30 \u2013 Pirmadienis 13:30<\/td><td>Pirmadienis 15:00<\/td><\/tr><\/tbody><\/table><p>Preki\u0173 pristatymo taisykles rasite Taisykli\u0173 ir nuostat\u0173 puslapyje.<\/p><p>\u00a0<\/p><p>\u00a0<\/p>\n\t\t\t\t\t<\/div>\n\t\t\t\t\t\t<\/div>\n\t\t\t\t<\/div>\n\t\t\t\t\t<\/div>\n\t\t\t\t<\/div>\n\t\t<div class=\"wd-negative-gap elementor-element elementor-element-lp0c1d2e e-flex e-con-boxed e-con e-parent\" data-id=\"lp0c1d2e\" data-element_type=\"container\">\n\t\t\t\t\t<div class=\"e-con-inner\">\n\t\t\t\t<div class=\"elementor-element elementor-element-lp1a2b3c elementor-widget elementor-widget-wd_text_block\" data-id=\"lp1a2b3c\" data-element_type=\"widget\" data-widget_type=\"wd_text_block.default\">\n\t\t\t\t<div class=\"elementor-widget-container\">\n\t\t\t\t\t\t\t<div class=\"wd-text-block reset-last-child text-left\">\n\t\t\t\n\t\t\t<h2>LP Express (UNISEND) Parcel Locker Sizes \u2013 Baltic States<\/h2><p>LP Express parcel lockers across all three Baltic states (Lithuania \ud83c\uddf1\ud83c\uddf9, Latvia \ud83c\uddf1\ud83c\uddfb, Estonia \ud83c\uddea\ud83c\uddea) use the same standard compartment sizes. Choose the size that fits your parcel:<\/p><table><thead><tr><th>Size<\/th><th style=\"text-align:center\">L &times; W &times; H (cm)<\/th><th style=\"text-align:center\">Max Weight<\/th><th>Best for<\/th><\/tr><\/thead><tbody><tr><td><strong>XS<\/strong><\/td><td style=\"text-align:center\">18.5 &times; 61 &times; 8<\/td><td style=\"text-align:center\">up to 30 kg<\/td><td>Letters, flat envelopes, thin items<\/td><\/tr><tr><td><strong>S<\/strong><\/td><td style=\"text-align:center\">35 &times; 61 &times; 8<\/td><td style=\"text-align:center\">up to 30 kg<\/td><td>Small flat parcels, A4 documents, thin books<\/td><\/tr><tr><td><strong>M<\/strong><\/td><td style=\"text-align:center\">35 &times; 61 &times; 17.5<\/td><td style=\"text-align:center\">up to 30 kg<\/td><td>Shoes, clothing, small gifts<\/td><\/tr><tr><td><strong>L<\/strong><\/td><td style=\"text-align:center\">35 &times; 61 &times; 36.5<\/td><td style=\"text-align:center\">up to 30 kg<\/td><td>Larger boxes, bulkier items<\/td><\/tr><tr><td><strong>XL<\/strong><\/td><td style=\"text-align:center\">35 &times; 61 &times; 74.5<\/td><td style=\"text-align:center\">up to 30 kg<\/td><td>Large parcels, sports equipment, multiple items<\/td><\/tr><\/tbody><\/table><p><small><em>Dimensions sourced from LP Express (UNISEND) API. Sizes are identical in Lithuania, Latvia and Estonia.<\/em><\/small><\/p>\n\t\t\t\t\t<\/div>\n\t\t\t\t\t\t<\/div>\n\t\t\t\t<\/div>\n\t\t\t\t\t<\/div>\n\t\t\t\t<\/div>\n\t\t<div class=\"wd-negative-gap elementor-element elementor-element-dpd0c1d2e e-flex e-con-boxed e-con e-parent\" data-id=\"dpd0c1d2e\" data-element_type=\"container\">\n\t\t\t\t\t<div class=\"e-con-inner\">\n\t\t\t\t<div class=\"elementor-element elementor-element-dpd1a2b3c elementor-widget elementor-widget-wd_text_block\" data-id=\"dpd1a2b3c\" data-element_type=\"widget\" data-widget_type=\"wd_text_block.default\">\n\t\t\t\t<div class=\"elementor-widget-container\">\n\t\t\t\t\t\t\t<div class=\"wd-text-block reset-last-child text-left\">\n\t\t\t\n\t\t\t<h2>DPD Parcel Locker Sizes &amp; Availability in Europe<\/h2><p>DPD operates parcel lockers (Pickup Boxes \/ Pickup Stations) across many European countries. Sizes and weight limits differ between the Baltic states and the rest of Europe.<\/p><h3>Baltic States \u2014 Lithuania, Latvia, Estonia<\/h3><p>In the Baltic states, DPD lockers use four standardised compartment sizes:<\/p><table><thead><tr><th>Size<\/th><th style=\"text-align: center;\">H \u00d7 W \u00d7 D (cm)<\/th><th style=\"text-align: center;\">Max Weight<\/th><th>Best for<\/th><\/tr><\/thead><tbody><tr><td><strong>XS<\/strong><\/td><td style=\"text-align: center;\">8 \u00d7 18 \u00d7 61<\/td><td style=\"text-align: center;\">up to 31.5 kg<\/td><td>Flat envelopes, small documents<\/td><\/tr><tr><td><strong>S<\/strong><\/td><td style=\"text-align: center;\">8 \u00d7 43 \u00d7 61<\/td><td style=\"text-align: center;\">up to 31.5 kg<\/td><td>Thin flat parcels, books, clothing<\/td><\/tr><tr><td><strong>M<\/strong><\/td><td style=\"text-align: center;\">17 \u00d7 43 \u00d7 61<\/td><td style=\"text-align: center;\">up to 31.5 kg<\/td><td>Shoes, boxed gifts, small electronics<\/td><\/tr><tr><td><strong>L<\/strong><\/td><td style=\"text-align: center;\">36 \u00d7 43 \u00d7 61<\/td><td style=\"text-align: center;\">up to 31.5 kg<\/td><td>Larger boxes, multiple items<\/td><\/tr><\/tbody><\/table><h3>Western &amp; Central Europe<\/h3><p>Outside the Baltic states, DPD uses single-compartment Pickup Stations with the following maximum parcel dimensions. Note that weight limits vary by country:<\/p><table><thead><tr><th>Country<\/th><th style=\"text-align: center;\">Max Dimensions (H \u00d7 W \u00d7 D cm)<\/th><th style=\"text-align: center;\">Max Weight<\/th><\/tr><\/thead><tbody><tr><td>\ud83c\udde9\ud83c\uddea Germany<\/td><td style=\"text-align: center;\">37 \u00d7 44 \u00d7 61<\/td><td style=\"text-align: center;\">20 kg<\/td><\/tr><tr><td>\ud83c\uddf5\ud83c\uddf1 Poland<\/td><td style=\"text-align: center;\">50 \u00d7 44 \u00d7 59<\/td><td style=\"text-align: center;\">20 kg<\/td><\/tr><tr><td>\ud83c\udde8\ud83c\uddff Czech Republic<\/td><td style=\"text-align: center;\">50 \u00d7 44 \u00d7 59<\/td><td style=\"text-align: center;\">20 kg<\/td><\/tr><tr><td>\ud83c\uddf7\ud83c\uddf4 Romania<\/td><td style=\"text-align: center;\">50 \u00d7 44 \u00d7 59<\/td><td style=\"text-align: center;\">20 kg<\/td><\/tr><tr><td>\ud83c\uddeb\ud83c\uddf7 France<\/td><td style=\"text-align: center;\">50 \u00d7 44 \u00d7 59<\/td><td style=\"text-align: center;\">20 kg<\/td><\/tr><tr><td>\ud83c\uddf3\ud83c\uddf1 Netherlands<\/td><td style=\"text-align: center;\">50 \u00d7 44 \u00d7 59<\/td><td style=\"text-align: center;\">20 kg<\/td><\/tr><tr><td>\ud83c\udde7\ud83c\uddea Belgium<\/td><td style=\"text-align: center;\">50 \u00d7 44 \u00d7 59<\/td><td style=\"text-align: center;\">20 kg<\/td><\/tr><tr><td>\ud83c\uddf8\ud83c\uddf0 Slovakia<\/td><td style=\"text-align: center;\">50 \u00d7 44 \u00d7 59<\/td><td style=\"text-align: center;\">20 kg<\/td><\/tr><tr><td>\ud83c\udded\ud83c\uddfa Hungary<\/td><td style=\"text-align: center;\">50 \u00d7 44 \u00d7 59<\/td><td style=\"text-align: center;\">20 kg<\/td><\/tr><tr><td>\ud83c\udde6\ud83c\uddf9 Austria<\/td><td style=\"text-align: center;\">50 \u00d7 44 \u00d7 59<\/td><td style=\"text-align: center;\">20 kg<\/td><\/tr><tr><td>\ud83c\uddf8\ud83c\uddea Sweden<\/td><td style=\"text-align: center;\">50 \u00d7 44 \u00d7 59<\/td><td style=\"text-align: center;\"><strong>10 kg<\/strong> (heavier parcels redirected to parcel shop)<\/td><\/tr><tr><td>\ud83c\udde9\ud83c\uddf0 Denmark<\/td><td style=\"text-align: center;\">50 \u00d7 44 \u00d7 59<\/td><td style=\"text-align: center;\"><strong>10 kg<\/strong> (heavier parcels redirected to parcel shop)<\/td><\/tr><tr><td>\ud83c\uddf5\ud83c\uddf9 Portugal<\/td><td style=\"text-align: center;\">50 \u00d7 44 \u00d7 59<\/td><td style=\"text-align: center;\"><strong>10 kg<\/strong><\/td><\/tr><\/tbody><\/table><p><small><em>Minimum parcel size: A5 envelope. Locker availability may vary by location \u2014 use the <a href=\"https:\/\/www.dpd.com\" target=\"_blank\" rel=\"noopener noreferrer\">DPD Pickup point finder<\/a> to locate the nearest locker. Data sourced from official DPD country websites.<\/em><\/small><\/p>\n\t\t\t\t\t<\/div>\n\t\t\t\t\t\t<\/div>\n\t\t\t\t<\/div>\n\t\t\t\t\t<\/div>\n\t\t\t\t<\/div>\n\t\t<div class=\"wd-negative-gap elementor-element elementor-element-omn0c1d2e e-flex e-con-boxed e-con e-parent\" data-id=\"omn0c1d2e\" data-element_type=\"container\">\n\t\t\t\t\t<div class=\"e-con-inner\">\n\t\t\t\t<div class=\"elementor-element elementor-element-omn1a2b3c elementor-widget elementor-widget-wd_text_block\" data-id=\"omn1a2b3c\" data-element_type=\"widget\" data-widget_type=\"wd_text_block.default\">\n\t\t\t\t<div class=\"elementor-widget-container\">\n\t\t\t\t\t\t\t<div class=\"wd-text-block reset-last-child text-left\">\n\t\t\t\n\t\t\t<h2>Omniva Parcel Machine Sizes &amp; Availability<\/h2><p>Omniva operates the largest parcel machine network in the Baltic states, with over 1,300 service points across Estonia, Latvia and Lithuania available 24\/7. Omniva parcel machines offer three standard locker sizes:<\/p><h3>Baltic States \u2014 Lithuania, Latvia, Estonia<\/h3><table><thead><tr><th>Size<\/th><th style=\"text-align: center;\">H \u00d7 W \u00d7 D (cm)<\/th><th style=\"text-align: center;\">Max Weight<\/th><th>Best for<\/th><\/tr><\/thead><tbody><tr><td><strong>S<\/strong><\/td><td style=\"text-align: center;\">9 \u00d7 38 \u00d7 64<\/td><td style=\"text-align: center;\">up to 25 kg<\/td><td>Flat items, thin books, clothing, envelopes<\/td><\/tr><tr><td><strong>M<\/strong><\/td><td style=\"text-align: center;\">19 \u00d7 38 \u00d7 64<\/td><td style=\"text-align: center;\">up to 25 kg<\/td><td>Shoes, gifts, small electronics, boxed items<\/td><\/tr><tr><td><strong>L<\/strong><\/td><td style=\"text-align: center;\">39 \u00d7 38 \u00d7 64<\/td><td style=\"text-align: center;\">up to 25 kg<\/td><td>Larger boxes, multiple items, bulkier goods<\/td><\/tr><\/tbody><\/table><p><strong>Delivery times:<\/strong> Within the same country 1\u20132 working days; between Baltic states 2\u20133 working days.<\/p><p><strong>International shipping:<\/strong> Omniva parcel machines are available in the Baltic states only. For shipments to other countries, Omniva offers courier delivery to 237 destinations worldwide.<\/p><p><small><em>Source: <a href=\"https:\/\/www.omniva.ee\/help\/parcel-machine-locker-sizes\" target=\"_blank\" rel=\"noopener noreferrer\">omniva.ee<\/a>. Minimum parcel size: A5 envelope. Max weight 25 kg per locker.<\/em><\/small><\/p>\n\t\t\t\t\t<\/div>\n\t\t\t\t\t\t<\/div>\n\t\t\t\t<\/div>\n\t\t\t\t\t<\/div>\n\t\t\t\t<\/div>\n\t\t<div class=\"wd-negative-gap elementor-element elementor-element-vnp0c1d2e e-flex e-con-boxed e-con e-parent\" data-id=\"vnp0c1d2e\" data-element_type=\"container\">\n\t\t\t\t\t<div class=\"e-con-inner\">\n\t\t\t\t<div class=\"elementor-element elementor-element-vnp1a2b3c elementor-widget elementor-widget-wd_text_block\" data-id=\"vnp1a2b3c\" data-element_type=\"widget\" data-widget_type=\"wd_text_block.default\">\n\t\t\t\t<div class=\"elementor-widget-container\">\n\t\t\t\t\t\t\t<div class=\"wd-text-block reset-last-child text-left\">\n\t\t\t\n\t\t\t<h2>Venipak Parcel Locker Sizes &amp; Availability<\/h2><p>Venipak operates 1,300+ parcel pick-up locations (lockers and pickup points) across the Baltic states, with the network growing significantly in 2025. Venipak lockers offer 6 compartment sizes \u2014 two width variants (narrow <strong>Q<\/strong> series and standard) each in three heights:<\/p><h3>Baltic States \u2014 Lithuania, Latvia, Estonia<\/h3><table><thead><tr><th>Size<\/th><th style=\"text-align: center;\">H \u00d7 W \u00d7 L (cm)<\/th><th style=\"text-align: center;\">Max Weight<\/th><th>Best for<\/th><\/tr><\/thead><tbody><tr><td><strong>XS<\/strong><\/td><td style=\"text-align: center;\">9.5 \u00d7 16.7 \u00d7 61<\/td><td style=\"text-align: center;\">up to 30 kg<\/td><td>Flat narrow items, envelopes, thin books<\/td><\/tr><tr><td><strong>QS<\/strong> <small>(narrow)<\/small><\/td><td style=\"text-align: center;\">20 \u00d7 16.7 \u00d7 61<\/td><td style=\"text-align: center;\">up to 30 kg<\/td><td>Narrow boxes, rolled items, small clothing<\/td><\/tr><tr><td><strong>QM<\/strong> <small>(narrow tall)<\/small><\/td><td style=\"text-align: center;\">41 \u00d7 16.7 \u00d7 61<\/td><td style=\"text-align: center;\">up to 30 kg<\/td><td>Tall narrow parcels, bottles, tubes<\/td><\/tr><tr><td><strong>S<\/strong><\/td><td style=\"text-align: center;\">9.5 \u00d7 39.5 \u00d7 61<\/td><td style=\"text-align: center;\">up to 30 kg<\/td><td>Flat wide items, shoes, folded clothing<\/td><\/tr><tr><td><strong>M<\/strong><\/td><td style=\"text-align: center;\">20 \u00d7 39.5 \u00d7 61<\/td><td style=\"text-align: center;\">up to 30 kg<\/td><td>Shoes, electronics, gifts, small boxes<\/td><\/tr><tr><td><strong>L<\/strong><\/td><td style=\"text-align: center;\">41 \u00d7 39.5 \u00d7 61<\/td><td style=\"text-align: center;\">up to 30 kg<\/td><td>Larger boxes, bulky items, multiple items<\/td><\/tr><\/tbody><\/table><p><strong>Pickup points<\/strong> (partner stores indoors): max 10 kg, max volume 0.04 m\u00b3. Suitable for non-standard sizes and temperature-sensitive shipments.<\/p><p><strong>Storage:<\/strong> 5 calendar days at lockers and pickup points. Parcels collected via PIN code or QR code \u2014 no screen touching needed.<\/p><p><strong>Availability:<\/strong> Venipak lockers are currently available in the Baltic states only (Lithuania, Latvia, Estonia). Courier delivery is also available to Poland, Finland, and Germany.<\/p><p><small><em>Source: <a href=\"https:\/\/venipak.com\/lt\/en\/help\/lockers\/lockers-sizes\/\" target=\"_blank\" rel=\"noopener noreferrer\">venipak.com<\/a>. All locker sizes carry a max weight of 30 kg.<\/em><\/small><\/p>\n\t\t\t\t\t<\/div>\n\t\t\t\t\t\t<\/div>\n\t\t\t\t<\/div>\n\t\t\t\t\t<\/div>\n\t\t\t\t<\/div>\n\t\t<div class=\"wd-negative-gap elementor-element elementor-element-7ee89cc e-flex e-con-boxed e-con e-parent\" data-id=\"7ee89cc\" data-element_type=\"container\">\n\t\t\t\t\t<div class=\"e-con-inner\">\n\t\t\t\t<div class=\"elementor-element elementor-element-ad9ef75 elementor-widget elementor-widget-wd_text_block\" data-id=\"ad9ef75\" data-element_type=\"widget\" data-widget_type=\"wd_text_block.default\">\n\t\t\t\t<div class=\"elementor-widget-container\">\n\t\t\t\t\t\t\t<div class=\"wd-text-block reset-last-child text-left\">\n\t\t\t\n\t\t\t<h2>Apmok\u0117jimas<\/h2><p>Apmok\u0117ti u\u017esakym\u0105 galite naudojantis Paysera sistema:<\/p><p>per el. bankininkyst\u0119;\nbanko pavedimu;\nmok\u0117jimo kortele;\ngrynais Perlo arba Maxima kasose.<\/p><p>Tam pasirinkite \u201cEl. bankininkyst\u0117, pervedimas arba mok\u0117jimo kortel\u0117\u201d apmok\u0117jimo b\u016bd\u0105 Apmok\u0117jimo puslapyje.<\/p><p>Alternatyviai, galima u\u017e prekes atsiskaityti koretele arba grynais kurjeriui atsiimant u\u017esakym\u0105. Norint pasirinkti \u0161\u012f apmok\u0117jimo b\u016bd\u0105 krep\u0161elio ar\/ir apmok\u0117jimo puslapyje pasirinkite \u201cPristatymas ir apmok\u0117jimas kurjeriui\u201d ir spauskite mygtuk\u0105 \u201cApmok\u0117ti\u201d. U\u017esakymas bus patvirtintas automati\u0161kai ir apmok\u0117ti reik\u0117s tik kurjeriui atvykus nurodytu adresu. \u0160iam pristatymo b\u016bdui negalioja nemokamo pristatymo nuolaidos kodai ar akcijos.<\/p><p>Apmok\u0117jimo taisykles rasite Taisykli\u0173 ir nuostat\u0173 puslapyje.<\/p>\n\t\t\t\t\t<\/div>\n\t\t\t\t\t\t<\/div>\n\t\t\t\t<\/div>\n\t\t\t\t\t<\/div>\n\t\t\t\t<\/div>\n\t\t\t\t<\/div>","protected":false},"excerpt":{"rendered":"<p>Delivery &amp; Return Need a Help? +370 660 28550 Email: info@eurosconto.com Subscribe us Delivery Methods, Prices, and Terms We offer<\/p>","protected":false},"author":1,"featured_media":0,"parent":0,"menu_order":0,"comment_status":"closed","ping_status":"closed","template":"","meta":{"footnotes":""},"class_list":["post-52","page","type-page","status-publish","hentry"],"_links":{"self":[{"href":"https:\/\/eurosconto.com\/lt\/wp-json\/wp\/v2\/pages\/52","targetHints":{"allow":["GET"]}}],"collection":[{"href":"https:\/\/eurosconto.com\/lt\/wp-json\/wp\/v2\/pages"}],"about":[{"href":"https:\/\/eurosconto.com\/lt\/wp-json\/wp\/v2\/types\/page"}],"author":[{"embeddable":true,"href":"https:\/\/eurosconto.com\/lt\/wp-json\/wp\/v2\/users\/1"}],"replies":[{"embeddable":true,"href":"https:\/\/eurosconto.com\/lt\/wp-json\/wp\/v2\/comments?post=52"}],"version-history":[{"count":58,"href":"https:\/\/eurosconto.com\/lt\/wp-json\/wp\/v2\/pages\/52\/revisions"}],"predecessor-version":[{"id":18480,"href":"https:\/\/eurosconto.com\/lt\/wp-json\/wp\/v2\/pages\/52\/revisions\/18480"}],"wp:attachment":[{"href":"https:\/\/eurosconto.com\/lt\/wp-json\/wp\/v2\/media?parent=52"}],"curies":[{"name":"wp","href":"https:\/\/api.w.org\/{rel}","templated":true}]}}