{"id":13811,"date":"2025-05-25T12:19:04","date_gmt":"2025-05-25T12:19:04","guid":{"rendered":"https:\/\/eurosconto.com\/?post_type=product&#038;p=13811"},"modified":"2025-11-18T14:02:29","modified_gmt":"2025-11-18T12:02:29","slug":"dovanu-krepselis-feju-paslaptis","status":"publish","type":"product","link":"https:\/\/eurosconto.com\/lt\/product\/dovanu-krepselis-feju-paslaptis\/","title":{"rendered":"Dovan\u0173 krep\u0161elis &#8220;F\u0117j\u0173 paslaptis&#8221;"},"content":{"rendered":"","protected":false},"excerpt":{"rendered":"<p>Dovan\u0173 krep\u0161elio sud\u0117tis:<\/p>\n<ul>\n<li>Kiau\u0161inis HORSE su \u017eaislu ir saldumynais x 1 vnt. ;<\/li>\n<li>Geriamas saldainis BIG JELLY GRANADE x 1 vnt.;<\/li>\n<li>Pur\u0161kiamas saldainis TRIPLE SOUR SPRAY x 1 vnt.;<\/li>\n<li>D\u017eemas XXL SNAKE FOR JAM x 1 vnt.;<\/li>\n<li>Geriamas saldainis GAME JELLY x 2 vnt.;<\/li>\n<li>Guminukas SOUR BELT ROLL x 1 vnt.;<\/li>\n<li>Saldainis BRA\u0160K\u0116 x 1 vnt.;<\/li>\n<li>Geriamas saldainis XXL GRENADE SPRAY x 1 vnt.;<\/li>\n<li>\u010ciulpinukas PIN POP x 2 vnt.;<\/li>\n<li>Saldainiai CHEWIZZ Sour x 7 vnt.;<\/li>\n<li>\u010ciulpinukas GRYBAS x 1 vnt.;<\/li>\n<li>Kramtomoji guma LOVE IS x 6 vnt.;<\/li>\n<li>\u010ciulpinukas GRYBAS x 2 vnt.;<\/li>\n<li>Saldainiai BUBBLE CANDY with vitamin C x 1 vnt.;<\/li>\n<li>Saldainis REAL BRAIN x 1 vnt.;<\/li>\n<li>krep\u0161elis 26\u00d721 H8;<\/li>\n<li>Pakavimo priemon\u0117s.<\/li>\n<\/ul>\n<p>Krep\u0161elio sud\u0117tis gali keistis priklausomai nuo turim\u0173 preki\u0173, nesikei\u010diant kainai.<\/p>","protected":false},"featured_media":13837,"template":"","meta":[],"product_brand":[],"product_cat":[171,170,172],"product_tag":[],"class_list":{"0":"post-13811","1":"product","2":"type-product","3":"status-publish","4":"has-post-thumbnail","6":"product_cat-candies","7":"product_cat-food_products","8":"product_cat-gift_baskets","10":"first","11":"outofstock","12":"taxable","13":"shipping-taxable","14":"purchasable","15":"product-type-simple"},"_links":{"self":[{"href":"https:\/\/eurosconto.com\/lt\/wp-json\/wp\/v2\/product\/13811","targetHints":{"allow":["GET"]}}],"collection":[{"href":"https:\/\/eurosconto.com\/lt\/wp-json\/wp\/v2\/product"}],"about":[{"href":"https:\/\/eurosconto.com\/lt\/wp-json\/wp\/v2\/types\/product"}],"version-history":[{"count":1,"href":"https:\/\/eurosconto.com\/lt\/wp-json\/wp\/v2\/product\/13811\/revisions"}],"predecessor-version":[{"id":13838,"href":"https:\/\/eurosconto.com\/lt\/wp-json\/wp\/v2\/product\/13811\/revisions\/13838"}],"wp:featuredmedia":[{"embeddable":true,"href":"https:\/\/eurosconto.com\/lt\/wp-json\/wp\/v2\/media\/13837"}],"wp:attachment":[{"href":"https:\/\/eurosconto.com\/lt\/wp-json\/wp\/v2\/media?parent=13811"}],"wp:term":[{"taxonomy":"product_brand","embeddable":true,"href":"https:\/\/eurosconto.com\/lt\/wp-json\/wp\/v2\/product_brand?post=13811"},{"taxonomy":"product_cat","embeddable":true,"href":"https:\/\/eurosconto.com\/lt\/wp-json\/wp\/v2\/product_cat?post=13811"},{"taxonomy":"product_tag","embeddable":true,"href":"https:\/\/eurosconto.com\/lt\/wp-json\/wp\/v2\/product_tag?post=13811"}],"curies":[{"name":"wp","href":"https:\/\/api.w.org\/{rel}","templated":true}]}}