{"id":15786,"date":"2025-10-05T17:05:57","date_gmt":"2025-10-05T14:05:57","guid":{"rendered":"https:\/\/eurosconto.com\/?post_type=product&#038;p=15786"},"modified":"2026-04-20T13:46:17","modified_gmt":"2026-04-20T10:46:17","slug":"metalinis-medalis-65-metai-kartu-gelezines-vestuves","status":"publish","type":"product","link":"https:\/\/eurosconto.com\/lt\/product\/metalinis-medalis-65-metai-kartu-gelezines-vestuves\/","title":{"rendered":"Metalinis medalis &#8211; &quot;65 metai kartu\/ Gele\u017ein\u0117s vestuv\u0117s&quot;"},"content":{"rendered":"","protected":false},"excerpt":{"rendered":"","protected":false},"featured_media":16009,"template":"","meta":[],"product_brand":[],"product_cat":[179],"product_tag":[],"class_list":{"0":"post-15786","1":"product","2":"type-product","3":"status-publish","4":"has-post-thumbnail","6":"product_cat-medals","8":"first","9":"instock","10":"taxable","11":"shipping-taxable","12":"purchasable","13":"product-type-simple"},"_links":{"self":[{"href":"https:\/\/eurosconto.com\/lt\/wp-json\/wp\/v2\/product\/15786","targetHints":{"allow":["GET"]}}],"collection":[{"href":"https:\/\/eurosconto.com\/lt\/wp-json\/wp\/v2\/product"}],"about":[{"href":"https:\/\/eurosconto.com\/lt\/wp-json\/wp\/v2\/types\/product"}],"version-history":[{"count":2,"href":"https:\/\/eurosconto.com\/lt\/wp-json\/wp\/v2\/product\/15786\/revisions"}],"predecessor-version":[{"id":16154,"href":"https:\/\/eurosconto.com\/lt\/wp-json\/wp\/v2\/product\/15786\/revisions\/16154"}],"wp:featuredmedia":[{"embeddable":true,"href":"https:\/\/eurosconto.com\/lt\/wp-json\/wp\/v2\/media\/16009"}],"wp:attachment":[{"href":"https:\/\/eurosconto.com\/lt\/wp-json\/wp\/v2\/media?parent=15786"}],"wp:term":[{"taxonomy":"product_brand","embeddable":true,"href":"https:\/\/eurosconto.com\/lt\/wp-json\/wp\/v2\/product_brand?post=15786"},{"taxonomy":"product_cat","embeddable":true,"href":"https:\/\/eurosconto.com\/lt\/wp-json\/wp\/v2\/product_cat?post=15786"},{"taxonomy":"product_tag","embeddable":true,"href":"https:\/\/eurosconto.com\/lt\/wp-json\/wp\/v2\/product_tag?post=15786"}],"curies":[{"name":"wp","href":"https:\/\/api.w.org\/{rel}","templated":true}]}}