{"id":15847,"date":"2025-10-05T17:06:22","date_gmt":"2025-10-05T14:06:22","guid":{"rendered":"https:\/\/eurosconto.com\/?post_type=product&#038;p=15847"},"modified":"2026-04-20T03:46:21","modified_gmt":"2026-04-20T00:46:21","slug":"metalinis-medalis-amzinos-jums-meiles-vestuviu-metiniu-proga","status":"publish","type":"product","link":"https:\/\/eurosconto.com\/lt\/product\/metalinis-medalis-amzinos-jums-meiles-vestuviu-metiniu-proga\/","title":{"rendered":"Metalinis medalis Amzinos Jums m\u0117il\u0117s Vestuvi\u0173 metini\u0173 proga"},"content":{"rendered":"","protected":false},"excerpt":{"rendered":"","protected":false},"featured_media":16047,"template":"","meta":[],"product_brand":[],"product_cat":[179],"product_tag":[],"class_list":{"0":"post-15847","1":"product","2":"type-product","3":"status-publish","4":"has-post-thumbnail","6":"product_cat-medals","8":"first","9":"instock","10":"taxable","11":"shipping-taxable","12":"purchasable","13":"product-type-simple"},"_links":{"self":[{"href":"https:\/\/eurosconto.com\/lt\/wp-json\/wp\/v2\/product\/15847","targetHints":{"allow":["GET"]}}],"collection":[{"href":"https:\/\/eurosconto.com\/lt\/wp-json\/wp\/v2\/product"}],"about":[{"href":"https:\/\/eurosconto.com\/lt\/wp-json\/wp\/v2\/types\/product"}],"version-history":[{"count":2,"href":"https:\/\/eurosconto.com\/lt\/wp-json\/wp\/v2\/product\/15847\/revisions"}],"predecessor-version":[{"id":16142,"href":"https:\/\/eurosconto.com\/lt\/wp-json\/wp\/v2\/product\/15847\/revisions\/16142"}],"wp:featuredmedia":[{"embeddable":true,"href":"https:\/\/eurosconto.com\/lt\/wp-json\/wp\/v2\/media\/16047"}],"wp:attachment":[{"href":"https:\/\/eurosconto.com\/lt\/wp-json\/wp\/v2\/media?parent=15847"}],"wp:term":[{"taxonomy":"product_brand","embeddable":true,"href":"https:\/\/eurosconto.com\/lt\/wp-json\/wp\/v2\/product_brand?post=15847"},{"taxonomy":"product_cat","embeddable":true,"href":"https:\/\/eurosconto.com\/lt\/wp-json\/wp\/v2\/product_cat?post=15847"},{"taxonomy":"product_tag","embeddable":true,"href":"https:\/\/eurosconto.com\/lt\/wp-json\/wp\/v2\/product_tag?post=15847"}],"curies":[{"name":"wp","href":"https:\/\/api.w.org\/{rel}","templated":true}]}}