{"id":15856,"date":"2025-10-05T17:06:22","date_gmt":"2025-10-05T14:06:22","guid":{"rendered":"https:\/\/eurosconto.com\/?post_type=product&#038;p=15856"},"modified":"2026-04-20T23:16:36","modified_gmt":"2026-04-20T20:16:36","slug":"metalinis-medalis-mylimam-vyrui-uz-meile-ir-rupesti","status":"publish","type":"product","link":"https:\/\/eurosconto.com\/lt\/product\/metalinis-medalis-mylimam-vyrui-uz-meile-ir-rupesti\/","title":{"rendered":"Metalinis medalis Mylimam vyrui u\u017e meil\u0119 ir r\u016bpesti"},"content":{"rendered":"","protected":false},"excerpt":{"rendered":"","protected":false},"featured_media":16062,"template":"","meta":[],"product_brand":[],"product_cat":[179],"product_tag":[],"class_list":{"0":"post-15856","1":"product","2":"type-product","3":"status-publish","4":"has-post-thumbnail","6":"product_cat-medals","8":"first","9":"instock","10":"taxable","11":"shipping-taxable","12":"purchasable","13":"product-type-simple"},"_links":{"self":[{"href":"https:\/\/eurosconto.com\/lt\/wp-json\/wp\/v2\/product\/15856","targetHints":{"allow":["GET"]}}],"collection":[{"href":"https:\/\/eurosconto.com\/lt\/wp-json\/wp\/v2\/product"}],"about":[{"href":"https:\/\/eurosconto.com\/lt\/wp-json\/wp\/v2\/types\/product"}],"version-history":[{"count":3,"href":"https:\/\/eurosconto.com\/lt\/wp-json\/wp\/v2\/product\/15856\/revisions"}],"predecessor-version":[{"id":16367,"href":"https:\/\/eurosconto.com\/lt\/wp-json\/wp\/v2\/product\/15856\/revisions\/16367"}],"wp:featuredmedia":[{"embeddable":true,"href":"https:\/\/eurosconto.com\/lt\/wp-json\/wp\/v2\/media\/16062"}],"wp:attachment":[{"href":"https:\/\/eurosconto.com\/lt\/wp-json\/wp\/v2\/media?parent=15856"}],"wp:term":[{"taxonomy":"product_brand","embeddable":true,"href":"https:\/\/eurosconto.com\/lt\/wp-json\/wp\/v2\/product_brand?post=15856"},{"taxonomy":"product_cat","embeddable":true,"href":"https:\/\/eurosconto.com\/lt\/wp-json\/wp\/v2\/product_cat?post=15856"},{"taxonomy":"product_tag","embeddable":true,"href":"https:\/\/eurosconto.com\/lt\/wp-json\/wp\/v2\/product_tag?post=15856"}],"curies":[{"name":"wp","href":"https:\/\/api.w.org\/{rel}","templated":true}]}}