{"id":15900,"date":"2025-10-05T17:06:44","date_gmt":"2025-10-05T14:06:44","guid":{"rendered":"https:\/\/eurosconto.com\/?post_type=product&#038;p=15900"},"modified":"2026-04-20T10:46:34","modified_gmt":"2026-04-20T07:46:34","slug":"medinis-medalis-nuosirdus-linkejimai","status":"publish","type":"product","link":"https:\/\/eurosconto.com\/lt\/product\/medinis-medalis-nuosirdus-linkejimai\/","title":{"rendered":"Medinis medalis Nuo\u0161ird\u016bs link\u0117jimai"},"content":{"rendered":"","protected":false},"excerpt":{"rendered":"","protected":false},"featured_media":15998,"template":"","meta":[],"product_brand":[],"product_cat":[179],"product_tag":[],"class_list":{"0":"post-15900","1":"product","2":"type-product","3":"status-publish","4":"has-post-thumbnail","6":"product_cat-medals","8":"first","9":"instock","10":"taxable","11":"shipping-taxable","12":"purchasable","13":"product-type-simple"},"_links":{"self":[{"href":"https:\/\/eurosconto.com\/lt\/wp-json\/wp\/v2\/product\/15900","targetHints":{"allow":["GET"]}}],"collection":[{"href":"https:\/\/eurosconto.com\/lt\/wp-json\/wp\/v2\/product"}],"about":[{"href":"https:\/\/eurosconto.com\/lt\/wp-json\/wp\/v2\/types\/product"}],"version-history":[{"count":1,"href":"https:\/\/eurosconto.com\/lt\/wp-json\/wp\/v2\/product\/15900\/revisions"}],"predecessor-version":[{"id":15930,"href":"https:\/\/eurosconto.com\/lt\/wp-json\/wp\/v2\/product\/15900\/revisions\/15930"}],"wp:featuredmedia":[{"embeddable":true,"href":"https:\/\/eurosconto.com\/lt\/wp-json\/wp\/v2\/media\/15998"}],"wp:attachment":[{"href":"https:\/\/eurosconto.com\/lt\/wp-json\/wp\/v2\/media?parent=15900"}],"wp:term":[{"taxonomy":"product_brand","embeddable":true,"href":"https:\/\/eurosconto.com\/lt\/wp-json\/wp\/v2\/product_brand?post=15900"},{"taxonomy":"product_cat","embeddable":true,"href":"https:\/\/eurosconto.com\/lt\/wp-json\/wp\/v2\/product_cat?post=15900"},{"taxonomy":"product_tag","embeddable":true,"href":"https:\/\/eurosconto.com\/lt\/wp-json\/wp\/v2\/product_tag?post=15900"}],"curies":[{"name":"wp","href":"https:\/\/api.w.org\/{rel}","templated":true}]}}